{"id":9916,"date":"2023-05-23T15:06:52","date_gmt":"2023-05-23T13:06:52","guid":{"rendered":"https:\/\/www.afaprogres.cat\/web\/?page_id=9916"},"modified":"2025-07-07T08:48:22","modified_gmt":"2025-07-07T06:48:22","slug":"taller-dart","status":"publish","type":"page","link":"https:\/\/www.afaprogres.cat\/web\/extraescolars2526\/taller-dart\/","title":{"rendered":"Taller d&#8217;art"},"content":{"rendered":"<p>Descobreix la m\u00e0gia de l\u2019art amb el nostre taller d\u2019art extraescolar de Diverjoc!<\/p>\n<p>Dirigit a nenes i nens de 4 i 5 anys, aquest espai est\u00e0 dissenyat perqu\u00e8 els m\u00e9s petits explor\u00efn la seva creativitat, experimentin amb colors, formes i materials diversos, i es divertin mentre aprenen.<\/p>\n<p>Cada sessi\u00f3 \u00e9s una oportunitat per estimular la imaginaci\u00f3, desenvolupar habilitats motrius i gaudir del proc\u00e9s de crear.<\/p>\n<p>No deixis passar aquesta oportunitat de potenciar la creativitat!<\/p>\n<p>www.diverjoc.net &#8211; inscripcions@diverjoc.net<\/p>\n<p>INCRIPCIONS -&gt;<a href=\"https:\/\/diverjoc.net\/module\/myfamily\/inscripcions?id_school=escola-progres\">TALLER D&#8217;ART<\/a><\/p>\n<p><a href=\"https:\/\/www.afaprogres.cat\/web\/wp-content\/uploads\/diverjoc.pdf\">Llibret amb m\u00e9s informaci\u00f3\u00a0<\/a><\/p>\n","protected":false},"excerpt":{"rendered":"<p>Descobreix la m\u00e0gia de l\u2019art amb el nostre taller d\u2019art extraescolar de Diverjoc! Dirigit a nenes i nens de 4 i 5 anys, aquest espai est\u00e0 dissenyat perqu\u00e8 els m\u00e9s petits explor\u00efn la seva creativitat, experimentin amb colors, formes i&#8230;<\/p>\n","protected":false},"author":17,"featured_media":9917,"parent":2904,"menu_order":0,"comment_status":"closed","ping_status":"closed","template":"","meta":{"footnotes":""},"class_list":["post-9916","page","type-page","status-publish","has-post-thumbnail","hentry"],"post_mailing_queue_ids":[],"_links":{"self":[{"href":"https:\/\/www.afaprogres.cat\/web\/wp-json\/wp\/v2\/pages\/9916","targetHints":{"allow":["GET"]}}],"collection":[{"href":"https:\/\/www.afaprogres.cat\/web\/wp-json\/wp\/v2\/pages"}],"about":[{"href":"https:\/\/www.afaprogres.cat\/web\/wp-json\/wp\/v2\/types\/page"}],"author":[{"embeddable":true,"href":"https:\/\/www.afaprogres.cat\/web\/wp-json\/wp\/v2\/users\/17"}],"replies":[{"embeddable":true,"href":"https:\/\/www.afaprogres.cat\/web\/wp-json\/wp\/v2\/comments?post=9916"}],"version-history":[{"count":5,"href":"https:\/\/www.afaprogres.cat\/web\/wp-json\/wp\/v2\/pages\/9916\/revisions"}],"predecessor-version":[{"id":10545,"href":"https:\/\/www.afaprogres.cat\/web\/wp-json\/wp\/v2\/pages\/9916\/revisions\/10545"}],"up":[{"embeddable":true,"href":"https:\/\/www.afaprogres.cat\/web\/wp-json\/wp\/v2\/pages\/2904"}],"wp:featuredmedia":[{"embeddable":true,"href":"https:\/\/www.afaprogres.cat\/web\/wp-json\/wp\/v2\/media\/9917"}],"wp:attachment":[{"href":"https:\/\/www.afaprogres.cat\/web\/wp-json\/wp\/v2\/media?parent=9916"}],"curies":[{"name":"wp","href":"https:\/\/api.w.org\/{rel}","templated":true}]}}