{"id":9639,"date":"2022-07-01T12:32:08","date_gmt":"2022-07-01T10:32:08","guid":{"rendered":"https:\/\/www.afaprogres.cat\/web\/?page_id=9639"},"modified":"2025-07-05T12:16:33","modified_gmt":"2025-07-05T10:16:33","slug":"gimnastica-ritmica","status":"publish","type":"page","link":"https:\/\/www.afaprogres.cat\/web\/extraescolars2526\/gimnastica-ritmica\/","title":{"rendered":"Gimn\u00e0stica r\u00edtmica"},"content":{"rendered":"<p align=\"LEFT\">Descobreix la m\u00e0gia de la gimn\u00e0stica r\u00edtmica amb l\u2019extraescolar de Diverjoc!<\/p>\n<p>Una oportunitat \u00fanica perqu\u00e8 nenes i nens de 1r a 6\u00e8 aprenguin, es diverteixin i desenvolupin la seva for\u00e7a, flexibilitat i coordinaci\u00f3 en un ambient agradable i estimulant.<\/p>\n<p>Amb monitors professionals i apassionats, aquesta activitat combina esport, m\u00fasica i creativitat, fomentant l\u2019autoconfian\u00e7a i el treball en equip.<\/p>\n<p>No perdis l\u2019oportunitat de formar part d\u2019aquesta experi\u00e8ncia vibrant i enriquidora! Inscriu-te ja i fes volar la teva imaginaci\u00f3!<\/p>\n<p>www.diverjoc.net &#8211; inscripcions@diverjoc.net<\/p>\n<p>INCRIPCIONS -&gt;<a href=\"https:\/\/diverjoc.net\/module\/myfamily\/inscripcions?id_school=escola-progres\">GIMN\u00c0STICA RITMICA<\/a><\/p>\n<p><a href=\"https:\/\/www.afaprogres.cat\/web\/wp-content\/uploads\/diverjoc.pdf\">Llibret amb m\u00e9s informaci\u00f3\u00a0<\/a><\/p>\n","protected":false},"excerpt":{"rendered":"<p>Descobreix la m\u00e0gia de la gimn\u00e0stica r\u00edtmica amb l\u2019extraescolar de Diverjoc! Una oportunitat \u00fanica perqu\u00e8 nenes i nens de 1r a 6\u00e8 aprenguin, es diverteixin i desenvolupin la seva for\u00e7a, flexibilitat i coordinaci\u00f3 en un ambient agradable i estimulant. Amb&#8230;<\/p>\n","protected":false},"author":17,"featured_media":9640,"parent":2904,"menu_order":0,"comment_status":"closed","ping_status":"closed","template":"","meta":{"footnotes":""},"class_list":["post-9639","page","type-page","status-publish","has-post-thumbnail","hentry"],"post_mailing_queue_ids":[],"_links":{"self":[{"href":"https:\/\/www.afaprogres.cat\/web\/wp-json\/wp\/v2\/pages\/9639","targetHints":{"allow":["GET"]}}],"collection":[{"href":"https:\/\/www.afaprogres.cat\/web\/wp-json\/wp\/v2\/pages"}],"about":[{"href":"https:\/\/www.afaprogres.cat\/web\/wp-json\/wp\/v2\/types\/page"}],"author":[{"embeddable":true,"href":"https:\/\/www.afaprogres.cat\/web\/wp-json\/wp\/v2\/users\/17"}],"replies":[{"embeddable":true,"href":"https:\/\/www.afaprogres.cat\/web\/wp-json\/wp\/v2\/comments?post=9639"}],"version-history":[{"count":4,"href":"https:\/\/www.afaprogres.cat\/web\/wp-json\/wp\/v2\/pages\/9639\/revisions"}],"predecessor-version":[{"id":10539,"href":"https:\/\/www.afaprogres.cat\/web\/wp-json\/wp\/v2\/pages\/9639\/revisions\/10539"}],"up":[{"embeddable":true,"href":"https:\/\/www.afaprogres.cat\/web\/wp-json\/wp\/v2\/pages\/2904"}],"wp:featuredmedia":[{"embeddable":true,"href":"https:\/\/www.afaprogres.cat\/web\/wp-json\/wp\/v2\/media\/9640"}],"wp:attachment":[{"href":"https:\/\/www.afaprogres.cat\/web\/wp-json\/wp\/v2\/media?parent=9639"}],"curies":[{"name":"wp","href":"https:\/\/api.w.org\/{rel}","templated":true}]}}