{"id":9633,"date":"2022-07-01T12:19:38","date_gmt":"2022-07-01T10:19:38","guid":{"rendered":"https:\/\/www.afaprogres.cat\/web\/?page_id=9633"},"modified":"2025-07-05T12:23:04","modified_gmt":"2025-07-05T10:23:04","slug":"batucada","status":"publish","type":"page","link":"https:\/\/www.afaprogres.cat\/web\/extraescolars2526\/batucada\/","title":{"rendered":"Batucada en fam\u00edlia"},"content":{"rendered":"<p>Vinga ritme! Bateguem plegats! Una activitat on aprendrem a tocar diferents ritmes i instruments de la cultura percutiva brasilera. Ens basarem sobretot en els ritmes samba reggae, de Salvador de Bahia i el samba enredo, de Rio de Janeiro. Passarem per diferents instruments com els surdos (tambor greu), caixa, tambor\u00ed, agog\u00f3, repenique Enfocat a alumnes de diferents edats i nivells r\u00edtmics. On aplicarem coreografies en les can\u00e7ons, treballant tamb\u00e9 la nostra coordinaci\u00f3.<\/p>\n<p>Per\u00f2 sobretot aprendem a treballar en equip i a perdre la vergonya, ja que sortirem a bategar al carrer en en actes de ciutat com el Carnestoltes o les Festes de Maig de\u00a0Badalona.<\/p>\n<p>Dia de l&#8217;activitat: Dijous<br \/>\nHora: 18h<br \/>\nDurada sessions: 1 hora<br \/>\nQuota: 20\u20ac\/mes<br \/>\nPagament per trimestre<\/p>\n<p>Badalona Batec &#8211; badalonabatec@gmail.com<\/p>\n<p>INSCIPCIONS &#8211;&gt; <a href=\"https:\/\/docs.google.com\/forms\/d\/1e2yEvRJ31tfRm7wtHgcSYMWS0r-xfEGVHsU-oepENKc\/edit?usp=sharing_eip_se_dm&amp;ts=6868e88a\">BATUCADA<\/a><\/p>\n","protected":false},"excerpt":{"rendered":"<p>Vinga ritme! Bateguem plegats! Una activitat on aprendrem a tocar diferents ritmes i instruments de la cultura percutiva brasilera. Ens basarem sobretot en els ritmes samba reggae, de Salvador de Bahia i el samba enredo, de Rio de Janeiro. Passarem&#8230;<\/p>\n","protected":false},"author":17,"featured_media":9647,"parent":2904,"menu_order":0,"comment_status":"closed","ping_status":"closed","template":"","meta":{"footnotes":""},"class_list":["post-9633","page","type-page","status-publish","has-post-thumbnail","hentry"],"post_mailing_queue_ids":[],"_links":{"self":[{"href":"https:\/\/www.afaprogres.cat\/web\/wp-json\/wp\/v2\/pages\/9633","targetHints":{"allow":["GET"]}}],"collection":[{"href":"https:\/\/www.afaprogres.cat\/web\/wp-json\/wp\/v2\/pages"}],"about":[{"href":"https:\/\/www.afaprogres.cat\/web\/wp-json\/wp\/v2\/types\/page"}],"author":[{"embeddable":true,"href":"https:\/\/www.afaprogres.cat\/web\/wp-json\/wp\/v2\/users\/17"}],"replies":[{"embeddable":true,"href":"https:\/\/www.afaprogres.cat\/web\/wp-json\/wp\/v2\/comments?post=9633"}],"version-history":[{"count":9,"href":"https:\/\/www.afaprogres.cat\/web\/wp-json\/wp\/v2\/pages\/9633\/revisions"}],"predecessor-version":[{"id":10554,"href":"https:\/\/www.afaprogres.cat\/web\/wp-json\/wp\/v2\/pages\/9633\/revisions\/10554"}],"up":[{"embeddable":true,"href":"https:\/\/www.afaprogres.cat\/web\/wp-json\/wp\/v2\/pages\/2904"}],"wp:featuredmedia":[{"embeddable":true,"href":"https:\/\/www.afaprogres.cat\/web\/wp-json\/wp\/v2\/media\/9647"}],"wp:attachment":[{"href":"https:\/\/www.afaprogres.cat\/web\/wp-json\/wp\/v2\/media?parent=9633"}],"curies":[{"name":"wp","href":"https:\/\/api.w.org\/{rel}","templated":true}]}}