{"id":9626,"date":"2022-07-01T11:55:37","date_gmt":"2022-07-01T09:55:37","guid":{"rendered":"https:\/\/www.afaprogres.cat\/web\/?page_id=9626"},"modified":"2025-07-05T12:16:40","modified_gmt":"2025-07-05T10:16:40","slug":"dansa_moderna","status":"publish","type":"page","link":"https:\/\/www.afaprogres.cat\/web\/extraescolars2526\/dansa_moderna\/","title":{"rendered":"Dansa Moderna"},"content":{"rendered":"<p>Vine a descobrir la m\u00e0gia de la dansa moderna amb Diverjoc!<\/p>\n<p>La nostra extraescolar est\u00e0 pensada per a nenes i nens de 1r a 6\u00e8, i \u00e9s l&#8217;espai perfecte per expressar-te, divertir-te i millorar la teva habilitat r\u00edtmica. Amb un ambient acollidor i din\u00e0mic, els nostres professors t&#8217;acompanyaran en el viatge de la descoberta del moviment i la m\u00fasica.<\/p>\n<p>No importa si ja has ballat abans o si \u00e9s la teva primera vegada, aqu\u00ed podr\u00e0s aprendre, cr\u00e9ixer i passar-ho genial amb nous amics.<\/p>\n<p>Inscriu-te ara i deixa que la dansa moderna sigui la teva manera de brillar!<\/p>\n<p>www.diverjoc.net &#8211; inscripcions@diverjoc.net<\/p>\n<p>INCRIPCIONS -&gt;<a href=\"https:\/\/diverjoc.net\/module\/myfamily\/inscripcions?id_school=escola-progres\">DANSA MODERNA<\/a><\/p>\n<p><a href=\"https:\/\/www.afaprogres.cat\/web\/wp-content\/uploads\/diverjoc.pdf\">Llibret amb m\u00e9s informaci\u00f3\u00a0<\/a><\/p>\n","protected":false},"excerpt":{"rendered":"<p>Vine a descobrir la m\u00e0gia de la dansa moderna amb Diverjoc! La nostra extraescolar est\u00e0 pensada per a nenes i nens de 1r a 6\u00e8, i \u00e9s l&#8217;espai perfecte per expressar-te, divertir-te i millorar la teva habilitat r\u00edtmica. Amb un&#8230;<\/p>\n","protected":false},"author":17,"featured_media":9630,"parent":2904,"menu_order":0,"comment_status":"closed","ping_status":"closed","template":"","meta":{"footnotes":""},"class_list":["post-9626","page","type-page","status-publish","has-post-thumbnail","hentry"],"post_mailing_queue_ids":[],"_links":{"self":[{"href":"https:\/\/www.afaprogres.cat\/web\/wp-json\/wp\/v2\/pages\/9626","targetHints":{"allow":["GET"]}}],"collection":[{"href":"https:\/\/www.afaprogres.cat\/web\/wp-json\/wp\/v2\/pages"}],"about":[{"href":"https:\/\/www.afaprogres.cat\/web\/wp-json\/wp\/v2\/types\/page"}],"author":[{"embeddable":true,"href":"https:\/\/www.afaprogres.cat\/web\/wp-json\/wp\/v2\/users\/17"}],"replies":[{"embeddable":true,"href":"https:\/\/www.afaprogres.cat\/web\/wp-json\/wp\/v2\/comments?post=9626"}],"version-history":[{"count":7,"href":"https:\/\/www.afaprogres.cat\/web\/wp-json\/wp\/v2\/pages\/9626\/revisions"}],"predecessor-version":[{"id":10543,"href":"https:\/\/www.afaprogres.cat\/web\/wp-json\/wp\/v2\/pages\/9626\/revisions\/10543"}],"up":[{"embeddable":true,"href":"https:\/\/www.afaprogres.cat\/web\/wp-json\/wp\/v2\/pages\/2904"}],"wp:featuredmedia":[{"embeddable":true,"href":"https:\/\/www.afaprogres.cat\/web\/wp-json\/wp\/v2\/media\/9630"}],"wp:attachment":[{"href":"https:\/\/www.afaprogres.cat\/web\/wp-json\/wp\/v2\/media?parent=9626"}],"curies":[{"name":"wp","href":"https:\/\/api.w.org\/{rel}","templated":true}]}}