{"id":9277,"date":"2021-09-02T10:23:21","date_gmt":"2021-09-02T08:23:21","guid":{"rendered":"https:\/\/www.afaprogres.cat\/web\/?page_id=9277"},"modified":"2025-07-05T12:28:09","modified_gmt":"2025-07-05T10:28:09","slug":"natacio","status":"publish","type":"page","link":"https:\/\/www.afaprogres.cat\/web\/extraescolars2526\/natacio\/","title":{"rendered":"Nataci\u00f3"},"content":{"rendered":"\r\n<p>Uneix-te a la nostra extraescolar de nataci\u00f3 i descobreix el plaer de nedar en un entorn divertit i segur!<\/p>\r\n<p>Impartida per Artiesport, aquesta activitat est\u00e0 pensada per a nenes i nens d&#8217;I4 fins a 6\u00e8, ajudant-los a millorar la seva habilitat aqu\u00e0tica, a guanyar confian\u00e7a i a passar-ho b\u00e9 mentre fan esport.<\/p>\r\n<p>La sessi\u00f3 es realitza al <strong>CEM MARESME<\/strong>, un espai ideal per aprendre i gaudir de l&#8217;aigua. <strong>Recorda que el despla\u00e7ament fins al centre no est\u00e0 incl\u00f2s. <\/strong><\/p>\r\n<p>No perdis l&#8217;oportunitat de formar part d\u2019aquesta experi\u00e8ncia \u00fanica!<\/p>\r\n<p>Inscriu-t\u2019hi ara i vine a nedar amb nosaltres!<\/p>\r\n<p>www.artiesport.cat &#8211; administracio@artiesport.cat<br \/><br \/>INSCRIPCIONS -&gt; <a href=\"http:\/\/www.artiesport.cat\">NATACI\u00d3<\/a><br \/><a class=\"customize-unpreviewable\" href=\"https:\/\/www.afaprogres.cat\/web\/wp-content\/uploads\/artiesport_compressed.pdf\">Llibret amb m\u00e9s informaci\u00f3\u00a0<\/a><\/p>\r\n","protected":false},"excerpt":{"rendered":"<p>Uneix-te a la nostra extraescolar de nataci\u00f3 i descobreix el plaer de nedar en un entorn divertit i segur! Impartida per Artiesport, aquesta activitat est\u00e0 pensada per a nenes i nens d&#8217;I4 fins a 6\u00e8, ajudant-los a millorar la seva&#8230;<\/p>\n","protected":false},"author":17,"featured_media":9282,"parent":2904,"menu_order":0,"comment_status":"closed","ping_status":"closed","template":"","meta":{"footnotes":""},"class_list":["post-9277","page","type-page","status-publish","has-post-thumbnail","hentry"],"post_mailing_queue_ids":[],"_links":{"self":[{"href":"https:\/\/www.afaprogres.cat\/web\/wp-json\/wp\/v2\/pages\/9277","targetHints":{"allow":["GET"]}}],"collection":[{"href":"https:\/\/www.afaprogres.cat\/web\/wp-json\/wp\/v2\/pages"}],"about":[{"href":"https:\/\/www.afaprogres.cat\/web\/wp-json\/wp\/v2\/types\/page"}],"author":[{"embeddable":true,"href":"https:\/\/www.afaprogres.cat\/web\/wp-json\/wp\/v2\/users\/17"}],"replies":[{"embeddable":true,"href":"https:\/\/www.afaprogres.cat\/web\/wp-json\/wp\/v2\/comments?post=9277"}],"version-history":[{"count":22,"href":"https:\/\/www.afaprogres.cat\/web\/wp-json\/wp\/v2\/pages\/9277\/revisions"}],"predecessor-version":[{"id":10560,"href":"https:\/\/www.afaprogres.cat\/web\/wp-json\/wp\/v2\/pages\/9277\/revisions\/10560"}],"up":[{"embeddable":true,"href":"https:\/\/www.afaprogres.cat\/web\/wp-json\/wp\/v2\/pages\/2904"}],"wp:featuredmedia":[{"embeddable":true,"href":"https:\/\/www.afaprogres.cat\/web\/wp-json\/wp\/v2\/media\/9282"}],"wp:attachment":[{"href":"https:\/\/www.afaprogres.cat\/web\/wp-json\/wp\/v2\/media?parent=9277"}],"curies":[{"name":"wp","href":"https:\/\/api.w.org\/{rel}","templated":true}]}}