{"id":8689,"date":"2020-10-20T20:42:50","date_gmt":"2020-10-20T18:42:50","guid":{"rendered":"https:\/\/www.afaprogres.cat\/web\/?page_id=8689"},"modified":"2020-10-21T11:41:01","modified_gmt":"2020-10-21T09:41:01","slug":"normes-dorganitzacio-de-festes","status":"publish","type":"page","link":"https:\/\/www.afaprogres.cat\/web\/normes-dorganitzacio-de-festes\/","title":{"rendered":"Normes d&#8217;organitzaci\u00f3 de festes"},"content":{"rendered":"<h2><strong>Participaci\u00f3 de les fam\u00edlies de 6\u00e8\/5\u00e8 en les festes de l&#8217;AFA<\/strong><\/h2>\n<p>Aqu\u00ed us podeu descarregar la guia de la relaci\u00f3 que s&#8217;estableix entre l&#8217;AFA i les fam\u00edlies de 6\u00e8 i 5\u00e8 que, per recaptar diners per al comiat dels alumnes de 6\u00e8, participen en les activitats i festes que organitza la Vocalia de Festes al llarg del curs.<\/p>\n<p>Aquest document va ser aprovat per l&#8217;<a href=\"https:\/\/www.afaprogres.cat\/web\/resum-de-lassemblea-de-lampa-18-6-20\/\">Assemblea de l&#8217;AFA el 18 de juny del 2020<\/a>.<\/p>\n<p><a href=\"https:\/\/f000.backblazeb2.com\/file\/AFAPROGRES\/families6e-Vocalia-festes.pdf\">Descarregar el pdf<\/a><\/p>\n","protected":false},"excerpt":{"rendered":"<p>Participaci\u00f3 de les fam\u00edlies de 6\u00e8\/5\u00e8 en les festes de l&#8217;AFA Aqu\u00ed us podeu descarregar la guia de la relaci\u00f3 que s&#8217;estableix entre l&#8217;AFA i les fam\u00edlies de 6\u00e8 i 5\u00e8 que, per recaptar diners per al comiat dels alumnes&#8230;<\/p>\n","protected":false},"author":9,"featured_media":0,"parent":0,"menu_order":0,"comment_status":"closed","ping_status":"closed","template":"","meta":{"footnotes":""},"class_list":["post-8689","page","type-page","status-publish","hentry"],"post_mailing_queue_ids":[],"_links":{"self":[{"href":"https:\/\/www.afaprogres.cat\/web\/wp-json\/wp\/v2\/pages\/8689","targetHints":{"allow":["GET"]}}],"collection":[{"href":"https:\/\/www.afaprogres.cat\/web\/wp-json\/wp\/v2\/pages"}],"about":[{"href":"https:\/\/www.afaprogres.cat\/web\/wp-json\/wp\/v2\/types\/page"}],"author":[{"embeddable":true,"href":"https:\/\/www.afaprogres.cat\/web\/wp-json\/wp\/v2\/users\/9"}],"replies":[{"embeddable":true,"href":"https:\/\/www.afaprogres.cat\/web\/wp-json\/wp\/v2\/comments?post=8689"}],"version-history":[{"count":9,"href":"https:\/\/www.afaprogres.cat\/web\/wp-json\/wp\/v2\/pages\/8689\/revisions"}],"predecessor-version":[{"id":8702,"href":"https:\/\/www.afaprogres.cat\/web\/wp-json\/wp\/v2\/pages\/8689\/revisions\/8702"}],"wp:attachment":[{"href":"https:\/\/www.afaprogres.cat\/web\/wp-json\/wp\/v2\/media?parent=8689"}],"curies":[{"name":"wp","href":"https:\/\/api.w.org\/{rel}","templated":true}]}}