{"id":8377,"date":"2019-08-12T23:34:14","date_gmt":"2019-08-12T21:34:14","guid":{"rendered":"https:\/\/www.afaprogres.cat\/?page_id=8377"},"modified":"2019-08-12T23:34:14","modified_gmt":"2019-08-12T21:34:14","slug":"politica-de-cookies","status":"publish","type":"page","link":"https:\/\/www.afaprogres.cat\/web\/politica-de-cookies\/","title":{"rendered":"Pol\u00edtica de cookies"},"content":{"rendered":"<p><strong>COOKIES UTILITZADES EN AQUESTE LLOC WEB<\/strong><\/p>\n<p>Permeten la navegaci\u00f3 a trav\u00e9s d&#8217;una p\u00e0gina web, plataforma o aplicaci\u00f3 i l&#8217;\u00fas de les diferents opcions o serveis que en ella existeixin (ex.: controlar el tr\u00e0fic de les dades, identificar la sessi\u00f3, &#8230;)<\/p>\n<p><strong>TERCERS AMB ACCE\u0301S A LES DADES<\/strong><br \/>\nGoogle Analytics<\/p>\n<p><strong>DEFINICIO\u0301 I FUNCIO\u0301 DE LES COOKIES<\/strong><\/p>\n<p>Una cookie e\u0301s un fitxer que es descarrega al seu ordinador quan accedeix a determinades pa\u0300gines web. Les cookies permeten a una pa\u0300gina web, entre d\u2019altres coses, emmagatzemar i recuperar informacio\u0301 sobre els ha\u0300bits de navegacio\u0301 d\u2019un usuari o del seu equip i, en funcio\u0301 de la informacio\u0301 que continguin i de la forma en que\u0300 faci servir el seu equip, poden utilitzar-se per recone\u0300ixer l\u2019usuari.<\/p>\n<p>Aquest lloc web, igual que la majoria dels llocs a Internet, utilitza cookies per millorar i optimitzar l\u2019experie\u0300ncia de l\u2019usuari. A continuacio\u0301 trobara\u0300 informacio\u0301 detallada sobre la tipologia de cookies que fa servir aquest lloc web, sobre co\u0301m pot desactivar-les al seu navegador i co\u0301m bloquejar especi\u0301ficament la instal\u00b7lacio\u0301 de cookies de tercers.<\/p>\n<p><strong>COOKIES UTILIZADAS EN AQUEST LLOC WEB<\/strong><\/p>\n<p>En el panell de configuracio\u0301 que apareix a l&#8217;inici de la present Poli\u0301tica de Cookies, es descriuen les diferents categories de cookies utilitzades en aquest lloc web segons la seva finalitat, de manera que l&#8217;usuari pot configurar-les segons les seves prefere\u0300ncies.<\/p>\n<p>Les cookies es poden fer servir tant de manera permanent com temporal (cookies de sessio\u0301). Les cookies permanents s\u2019emmagatzemen al seu ordinador o dispositiu mo\u0300bil durant un peri\u0301ode de temps en cap cas superior a 24 mesos.<\/p>\n<p><strong>QUE\u0301 SUCCEEIX SI ES DESHABILITEN LES COOKIES<\/strong><\/p>\n<p>En tot moment pot accedir a la configuracio\u0301 del seu navegador per modificar i\/o bloquejar la instal.lacio\u0301 de les Cookies, pero\u0300 aquest fet pot implicar que algunes funcionalitats quedin deshabilitades, que es pugui veure limitat l\u2019acce\u0301s a alguns continguts i que la qualitat del funcionament dels serveis es pugui veure afectada.<\/p>\n<p><strong>FORMA DE DESACTIVAR O ELIMINAR LES COOKIES<\/strong><\/p>\n<p>El visitant pot permetre, cone\u0300ixer, bloquejar o eliminar les cookies insta\u00b7lades al seu equip mitjanc\u0327ant la configuracio\u0301 de les opcions del navegador que tingui instal\u00b7lat al seu dispositiu.<\/p>\n<p>En funcio\u0301 del navegador que faci servir, pot trobar informacio\u0301 sobre co\u0301m fer-ho visitant els segu\u0308ents enllac\u0327os:<\/p>\n<p>Internet Explorer: <a href=\"https:\/\/privacy.microsoft.com\/es-es\/privacystatement\">https:\/\/privacy.microsoft.com\/es-es\/privacystatement<\/a><br \/>\nSafari: <a href=\"https:\/\/www.apple.com\/legal\/privacy\/es\/cookies\/\">https:\/\/www.apple.com\/legal\/privacy\/es\/cookies\/<\/a> <a href=\"https:\/\/support.apple.com\/es-es\/HT201265\">https:\/\/support.apple.com\/es-es\/HT201265<\/a><br \/>\nGoogle Chrome: <a href=\"https:\/\/support.google.com\/chrome\/answer\/95647?hl=es&amp;hlrm=en\">https:\/\/support.google.com\/chrome\/answer\/95647?hl=es&amp;hlrm=en<\/a><br \/>\nGoogle: <a href=\"https:\/\/www.google.com\/intl\/es\/policies\/privacy\/\">https:\/\/www.google.com\/intl\/es\/policies\/privacy\/<\/a><br \/>\nFirefox: <a href=\"http:\/\/support.mozilla.org\/es\/kb\/Borrar%20cookies\">http:\/\/support.mozilla.org\/es\/kb\/Borrar%20cookies<\/a><br \/>\nOpera: <a href=\"https:\/\/www.opera.com\/es\/privacy\">https:\/\/www.opera.com\/es\/privacy<\/a><br \/>\nAndroid (Google): <a href=\"https:\/\/www.google.com\/intl\/es\/policies\/privacy\/\">https:\/\/www.google.com\/intl\/es\/policies\/privacy\/<\/a><br \/>\nWindows Phone (Microsoft): <a href=\"https:\/\/privacy.microsoft.com\/es-es\/privacystatement\">https:\/\/privacy.microsoft.com\/es-es\/privacystatement<\/a><br \/>\nBlackberry: <a href=\"http:\/\/global.blackberry.com\/es\/legal\/privacy-policy.html\">http:\/\/global.blackberry.com\/es\/legal\/privacy-policy.html<\/a><\/p>\n<p>El visitant tambe\u0301 pot eliminar fa\u0300cilment les cookies del seu ordinador o dispositiu mo\u0300bil mitjanc\u0327ant l\u2019u\u0301s del navegador. Per rebre indicacions sobre co\u0301m gestionar i eliminar les cookies, adreci\u2019s a la pestanya \u201cAjuda\u201d del seu navegador. Podra\u0300 desactivar les cookies o rebre una notificacio\u0301 cada vegada que s\u2019envii\u0308 una nova cookie al seu ordinador o dispositiu mo\u0300bil.<\/p>\n<p>Existeixen eines disponibles on line, que permeten als usuaris detectar les cookies de cada lloc web que visiten i gestionar la seva desactivacio\u0301 (per exemple, Ghostery: <a href=\"https:\/\/www.ghostery.com\/about-ghostery\/privacy-statements\/\">https:\/\/www.ghostery.com\/about-ghostery\/privacy-statements\/<\/a>, <a href=\"http:\/\/www.ghostery.com\/faq\">http:\/\/www.ghostery.com\/faq<\/a>.<\/p>\n<p><strong>ACTUALITZACIO\u0301 DE LA NOSTRA POLI\u0301TICA DE COOKIES<\/strong><\/p>\n<p>Es possible que actualitzem la Poli\u0301tica de Cookies del nostre lloc Web, per aquest motiu li recomanem revisar aquesta poli\u0301tica cada vegada que accedeixi al nostre lloc Web amb l\u2019objectiu d\u2019estar adequadament informat sobre co\u0301m i per a que\u0300 fem servir les cookies. Preguem que tinguin en compte que els navegadors poden tambe\u0301 canviar les seves poli\u0301tiques i la ubicacio\u0301 de la informacio\u0301.<br \/>\nLa Poli\u0301tica de Cookies es va actualitzar per u\u0301ltima vegada a data 18\/04\/2019.<\/p>\n","protected":false},"excerpt":{"rendered":"<p>COOKIES UTILITZADES EN AQUESTE LLOC WEB Permeten la navegaci\u00f3 a trav\u00e9s d&#8217;una p\u00e0gina web, plataforma o aplicaci\u00f3 i l&#8217;\u00fas de les diferents opcions o serveis que en ella existeixin (ex.: controlar el tr\u00e0fic de les dades, identificar la sessi\u00f3, &#8230;)&#8230;<\/p>\n","protected":false},"author":9,"featured_media":0,"parent":0,"menu_order":0,"comment_status":"closed","ping_status":"closed","template":"","meta":{"footnotes":""},"class_list":["post-8377","page","type-page","status-publish","hentry"],"post_mailing_queue_ids":[],"_links":{"self":[{"href":"https:\/\/www.afaprogres.cat\/web\/wp-json\/wp\/v2\/pages\/8377","targetHints":{"allow":["GET"]}}],"collection":[{"href":"https:\/\/www.afaprogres.cat\/web\/wp-json\/wp\/v2\/pages"}],"about":[{"href":"https:\/\/www.afaprogres.cat\/web\/wp-json\/wp\/v2\/types\/page"}],"author":[{"embeddable":true,"href":"https:\/\/www.afaprogres.cat\/web\/wp-json\/wp\/v2\/users\/9"}],"replies":[{"embeddable":true,"href":"https:\/\/www.afaprogres.cat\/web\/wp-json\/wp\/v2\/comments?post=8377"}],"version-history":[{"count":1,"href":"https:\/\/www.afaprogres.cat\/web\/wp-json\/wp\/v2\/pages\/8377\/revisions"}],"predecessor-version":[{"id":8379,"href":"https:\/\/www.afaprogres.cat\/web\/wp-json\/wp\/v2\/pages\/8377\/revisions\/8379"}],"wp:attachment":[{"href":"https:\/\/www.afaprogres.cat\/web\/wp-json\/wp\/v2\/media?parent=8377"}],"curies":[{"name":"wp","href":"https:\/\/api.w.org\/{rel}","templated":true}]}}