{"id":7669,"date":"2014-01-06T11:42:57","date_gmt":"2014-01-06T10:42:57","guid":{"rendered":"http:\/\/www.afaprogres.cat\/extraescolars\/karate-2\/"},"modified":"2025-07-06T21:27:13","modified_gmt":"2025-07-06T19:27:13","slug":"judo","status":"publish","type":"page","link":"https:\/\/www.afaprogres.cat\/web\/extraescolars2526\/judo\/","title":{"rendered":"Judo"},"content":{"rendered":"<p>T\u2019agradaria descobrir una activitat divertida, emocionant i beneficiosa per als teus fills i filles?<\/p>\n<p>Inscriu-los a l\u2019extraescolar de Judo impartida per Artiesport!<br \/>\nAquesta activitat est\u00e0 dissenyada especialment per a nenes i nens d\u2019I4 fins a 6\u00e8 de prim\u00e0ria, i els ajudar\u00e0 a desenvolupar habilitats com la coordinaci\u00f3, el respecte, la disciplina i l\u2019autoconfian\u00e7a, tot jugant i aprenent a trav\u00e9s del judo.<\/p>\n<p>No perdis l\u2019oportunitat de que els m\u00e9s petits de casa descobreixin aquest esport apassionant en un ambient segur, estimulant i ple de diversi\u00f3.<\/p>\n<p>Inscriu-los ara i d\u00f3na\u2019ls l\u2019oportunitat de cr\u00e9ixer i aprendre amb Artiesport!<\/p>\n<p>www.artiesport.cat &#8211; administracio@artiesport.cat<\/p>\n<p>INSCRIPCIONS -&gt; <a href=\"http:\/\/www.artiesport.cat\">JUDO<\/a><br \/>\n<a class=\"customize-unpreviewable\" href=\"https:\/\/www.afaprogres.cat\/web\/wp-content\/uploads\/artiesport_compressed.pdf\">Llibret amb m\u00e9s informaci\u00f3\u00a0<\/a><\/p>\n","protected":false},"excerpt":{"rendered":"<p>T\u2019agradaria descobrir una activitat divertida, emocionant i beneficiosa per als teus fills i filles? Inscriu-los a l\u2019extraescolar de Judo impartida per Artiesport! Aquesta activitat est\u00e0 dissenyada especialment per a nenes i nens d\u2019I4 fins a 6\u00e8 de prim\u00e0ria, i els&#8230;<\/p>\n","protected":false},"author":17,"featured_media":10478,"parent":2904,"menu_order":0,"comment_status":"closed","ping_status":"closed","template":"","meta":{"footnotes":""},"class_list":["post-7669","page","type-page","status-publish","has-post-thumbnail","hentry"],"post_mailing_queue_ids":[],"_links":{"self":[{"href":"https:\/\/www.afaprogres.cat\/web\/wp-json\/wp\/v2\/pages\/7669","targetHints":{"allow":["GET"]}}],"collection":[{"href":"https:\/\/www.afaprogres.cat\/web\/wp-json\/wp\/v2\/pages"}],"about":[{"href":"https:\/\/www.afaprogres.cat\/web\/wp-json\/wp\/v2\/types\/page"}],"author":[{"embeddable":true,"href":"https:\/\/www.afaprogres.cat\/web\/wp-json\/wp\/v2\/users\/17"}],"replies":[{"embeddable":true,"href":"https:\/\/www.afaprogres.cat\/web\/wp-json\/wp\/v2\/comments?post=7669"}],"version-history":[{"count":10,"href":"https:\/\/www.afaprogres.cat\/web\/wp-json\/wp\/v2\/pages\/7669\/revisions"}],"predecessor-version":[{"id":10559,"href":"https:\/\/www.afaprogres.cat\/web\/wp-json\/wp\/v2\/pages\/7669\/revisions\/10559"}],"up":[{"embeddable":true,"href":"https:\/\/www.afaprogres.cat\/web\/wp-json\/wp\/v2\/pages\/2904"}],"wp:featuredmedia":[{"embeddable":true,"href":"https:\/\/www.afaprogres.cat\/web\/wp-json\/wp\/v2\/media\/10478"}],"wp:attachment":[{"href":"https:\/\/www.afaprogres.cat\/web\/wp-json\/wp\/v2\/media?parent=7669"}],"curies":[{"name":"wp","href":"https:\/\/api.w.org\/{rel}","templated":true}]}}