{"id":7520,"date":"2014-01-12T12:23:18","date_gmt":"2014-01-12T11:23:18","guid":{"rendered":"http:\/\/www.afaprogres.cat\/extraescolars\/circ-2\/"},"modified":"2025-07-05T12:27:11","modified_gmt":"2025-07-05T10:27:11","slug":"algorithmics","status":"publish","type":"page","link":"https:\/\/www.afaprogres.cat\/web\/extraescolars2526\/algorithmics\/","title":{"rendered":"Algorithmics"},"content":{"rendered":"<p>Amb els cursos d&#8217;Algorithmics, els alumnes de Prim\u00e0ria i secundaria podran aprendre programaci\u00f3 i disseny de videojocs amb Roblox i Unity, programar amb Python, eines d\u2019intel\u00b7lig\u00e8ncia artificial .<\/p>\n<p>Grups redu\u00efts, aprenentatge pr\u00e0ctic i l&#8217;oportunitat d&#8217;iniciar la formaci\u00f3 com a programadors professionals abans que molts altres.<\/p>\n<p>No esperis m\u00e9s!<\/p>\n<p>www.artiesport.cat &#8211; administracio@artiesport.cat<\/p>\n<p>INSCRIPCIONS -&gt; <a href=\"http:\/\/www.artiesport.cat\">ALGORITHMICS<\/a><br \/>\n<a class=\"customize-unpreviewable\" href=\"https:\/\/www.afaprogres.cat\/web\/wp-content\/uploads\/artiesport_compressed.pdf\">Llibret amb m\u00e9s informaci\u00f3\u00a0<\/a><\/p>\n","protected":false},"excerpt":{"rendered":"<p>Amb els cursos d&#8217;Algorithmics, els alumnes de Prim\u00e0ria i secundaria podran aprendre programaci\u00f3 i disseny de videojocs amb Roblox i Unity, programar amb Python, eines d\u2019intel\u00b7lig\u00e8ncia artificial . Grups redu\u00efts, aprenentatge pr\u00e0ctic i l&#8217;oportunitat d&#8217;iniciar la formaci\u00f3 com a programadors&#8230;<\/p>\n","protected":false},"author":17,"featured_media":10490,"parent":2904,"menu_order":0,"comment_status":"closed","ping_status":"closed","template":"","meta":{"footnotes":""},"class_list":["post-7520","page","type-page","status-publish","has-post-thumbnail","hentry"],"post_mailing_queue_ids":[],"_links":{"self":[{"href":"https:\/\/www.afaprogres.cat\/web\/wp-json\/wp\/v2\/pages\/7520","targetHints":{"allow":["GET"]}}],"collection":[{"href":"https:\/\/www.afaprogres.cat\/web\/wp-json\/wp\/v2\/pages"}],"about":[{"href":"https:\/\/www.afaprogres.cat\/web\/wp-json\/wp\/v2\/types\/page"}],"author":[{"embeddable":true,"href":"https:\/\/www.afaprogres.cat\/web\/wp-json\/wp\/v2\/users\/17"}],"replies":[{"embeddable":true,"href":"https:\/\/www.afaprogres.cat\/web\/wp-json\/wp\/v2\/comments?post=7520"}],"version-history":[{"count":20,"href":"https:\/\/www.afaprogres.cat\/web\/wp-json\/wp\/v2\/pages\/7520\/revisions"}],"predecessor-version":[{"id":10557,"href":"https:\/\/www.afaprogres.cat\/web\/wp-json\/wp\/v2\/pages\/7520\/revisions\/10557"}],"up":[{"embeddable":true,"href":"https:\/\/www.afaprogres.cat\/web\/wp-json\/wp\/v2\/pages\/2904"}],"wp:featuredmedia":[{"embeddable":true,"href":"https:\/\/www.afaprogres.cat\/web\/wp-json\/wp\/v2\/media\/10490"}],"wp:attachment":[{"href":"https:\/\/www.afaprogres.cat\/web\/wp-json\/wp\/v2\/media?parent=7520"}],"curies":[{"name":"wp","href":"https:\/\/api.w.org\/{rel}","templated":true}]}}