{"id":6315,"date":"2014-01-01T12:38:13","date_gmt":"2014-01-01T11:38:13","guid":{"rendered":"http:\/\/www.afaprogres.cat\/extraescolars\/teatre-musical\/"},"modified":"2025-07-07T08:48:02","modified_gmt":"2025-07-07T06:48:02","slug":"teatre-2","status":"publish","type":"page","link":"https:\/\/www.afaprogres.cat\/web\/extraescolars2526\/teatre-2\/","title":{"rendered":"Teatre"},"content":{"rendered":"<p>T&#8217;agrada actuar, imaginar i cr\u00e9ixer a trav\u00e9s del teatre?<\/p>\n<p>Vine a l&#8217;extraescolar de teatre de Diverjoc!<\/p>\n<p>Una oportunitat \u00fanica per a nens i nenes d&#8217;I5 fins a 6\u00e8 de prim\u00e0ria de descobrir el m\u00f3n de l&#8217;escena, desenvolupar la seva creativitat i fer nous amics en un entorn divertit i estimulant.<\/p>\n<p>No importa si mai has provat abans, aqu\u00ed aprendr\u00e0s a expressar-te, a treballar en equip i a viure grans aventures a trav\u00e9s del teatre.<\/p>\n<p>Inscriu-te ara i fes volar la teva imaginaci\u00f3 amb nosaltres!<\/p>\n<p>www.diverjoc.net &#8211; inscripcions@diverjoc.net<\/p>\n<p>INCRIPCIONS -&gt;<a href=\"https:\/\/diverjoc.net\/module\/myfamily\/inscripcions?id_school=escola-progres\">TEATRE<\/a><\/p>\n<p><a href=\"https:\/\/www.afaprogres.cat\/web\/wp-content\/uploads\/diverjoc.pdf\">Llibret amb m\u00e9s informaci\u00f3\u00a0<\/a><\/p>\n","protected":false},"excerpt":{"rendered":"<p>T&#8217;agrada actuar, imaginar i cr\u00e9ixer a trav\u00e9s del teatre? Vine a l&#8217;extraescolar de teatre de Diverjoc! Una oportunitat \u00fanica per a nens i nenes d&#8217;I5 fins a 6\u00e8 de prim\u00e0ria de descobrir el m\u00f3n de l&#8217;escena, desenvolupar la seva creativitat&#8230;<\/p>\n","protected":false},"author":17,"featured_media":10050,"parent":2904,"menu_order":0,"comment_status":"closed","ping_status":"closed","template":"","meta":{"footnotes":""},"class_list":["post-6315","page","type-page","status-publish","has-post-thumbnail","hentry"],"post_mailing_queue_ids":[],"_links":{"self":[{"href":"https:\/\/www.afaprogres.cat\/web\/wp-json\/wp\/v2\/pages\/6315","targetHints":{"allow":["GET"]}}],"collection":[{"href":"https:\/\/www.afaprogres.cat\/web\/wp-json\/wp\/v2\/pages"}],"about":[{"href":"https:\/\/www.afaprogres.cat\/web\/wp-json\/wp\/v2\/types\/page"}],"author":[{"embeddable":true,"href":"https:\/\/www.afaprogres.cat\/web\/wp-json\/wp\/v2\/users\/17"}],"replies":[{"embeddable":true,"href":"https:\/\/www.afaprogres.cat\/web\/wp-json\/wp\/v2\/comments?post=6315"}],"version-history":[{"count":45,"href":"https:\/\/www.afaprogres.cat\/web\/wp-json\/wp\/v2\/pages\/6315\/revisions"}],"predecessor-version":[{"id":10544,"href":"https:\/\/www.afaprogres.cat\/web\/wp-json\/wp\/v2\/pages\/6315\/revisions\/10544"}],"up":[{"embeddable":true,"href":"https:\/\/www.afaprogres.cat\/web\/wp-json\/wp\/v2\/pages\/2904"}],"wp:featuredmedia":[{"embeddable":true,"href":"https:\/\/www.afaprogres.cat\/web\/wp-json\/wp\/v2\/media\/10050"}],"wp:attachment":[{"href":"https:\/\/www.afaprogres.cat\/web\/wp-json\/wp\/v2\/media?parent=6315"}],"curies":[{"name":"wp","href":"https:\/\/api.w.org\/{rel}","templated":true}]}}