{"id":3214,"date":"2014-01-15T12:01:27","date_gmt":"2014-01-15T11:01:27","guid":{"rendered":"http:\/\/www.afaprogres.cat\/extraescolars\/futbol-2\/"},"modified":"2025-07-10T08:51:56","modified_gmt":"2025-07-10T06:51:56","slug":"basquet","status":"publish","type":"page","link":"https:\/\/www.afaprogres.cat\/web\/extraescolars2526\/basquet\/","title":{"rendered":"B\u00e0squet"},"content":{"rendered":"<p>Si el teu fill o filla somia amb fer b\u00e0squets \u00e8pics o simplement surt de classe amb energia per donar i vendre, l\u2019activitat extraescolar de b\u00e0squet de l\u2019escoleta SAM PEP \u00e9s el seu lloc ideal!!<\/p>\n<p>Adre\u00e7ada a nens i nenes des d\u2019I4 fins a 6\u00e8 de prim\u00e0ria, aquesta proposta combina joc, aprenentatge i rialles a cada entrenament. L\u2019objectiu? Que s\u2019ho passin d\u2019all\u00f2 m\u00e9s b\u00e9 mentre corren, salten, boten una pilota i aprenen les bases del b\u00e0squet\u2026 gaireb\u00e9 sense adonar-se\u2019n!<\/p>\n<p>Amb una metodologia pr\u00f2pia i m\u00e9s de 80 anys de traject\u00f2ria, a \u201cSam Pep\u201d introdu\u00efm l\u2019esport a trav\u00e9s del joc i la diversi\u00f3. Els entrenaments estan adaptats a cada edat i nivell, i s\u00f3n dirigits per monitors titulats amb tanta energia com els infants (o m\u00e9s!). Treballem la coordinaci\u00f3, el treball en equip i el respecte, sempre des del gaudi i l\u2019exploraci\u00f3.<\/p>\n<p>I per als qui vulguin viure encara m\u00e9s b\u00e0squet, l\u2019activitat inclou partits i trobades organitzades pel BBB (Badalona B\u00e0squet Base) i l\u2019Ajuntament pels nens i nenes d\u2019I4 a 2on, alguns dissabtes durant el curs, sense cap cost addicional.<\/p>\n<p>Una gran oportunitat per fer pinya dins i fora de la pista!<\/p>\n<p>Dies: Dimarts i dijous<br \/>\nHorari: De 16:30 h a 18:00 h<br \/>\nPreu: 25 \u20ac mensuals<\/p>\n<p>Vine a provar-ho i descobreix per qu\u00e8 el b\u00e0squet \u00e9s l\u2019esport rei a Badalona!<br \/>\nInscripcions obertes! Nom\u00e9s cal emplenar aquest formulari:<br \/>\n<a href=\"https:\/\/www.cbsantjosep.cat\/inscripcio-extraescolar-basquet-sant-pep-progres\/\">https:\/\/www.cbsantjosep.cat\/inscripcio-extraescolar-basquet-sant-pep-progres\/<\/a><\/p>\n<p>cbsantjosep.cat &#8211; escoletasampep@gmail.com<\/p>\n<p>INSCRIPCIONS -&gt; <a href=\"https:\/\/www.cbsantjosep.cat\/inscripcio-extraescolar-basquet-sant-pep-progres\/\">B\u00c0SQUET<\/a><\/p>\n<p><img loading=\"lazy\" decoding=\"async\" class=\"alignnone size-medium wp-image-10606\" src=\"https:\/\/www.afaprogres.cat\/web\/wp-content\/uploads\/61099c97-c18e-4eae-9b85-68db8a4bd736-300x225.jpeg\" alt=\"\" width=\"300\" height=\"225\" srcset=\"https:\/\/www.afaprogres.cat\/web\/wp-content\/uploads\/61099c97-c18e-4eae-9b85-68db8a4bd736-300x225.jpeg 300w, https:\/\/www.afaprogres.cat\/web\/wp-content\/uploads\/61099c97-c18e-4eae-9b85-68db8a4bd736-1024x768.jpeg 1024w, https:\/\/www.afaprogres.cat\/web\/wp-content\/uploads\/61099c97-c18e-4eae-9b85-68db8a4bd736-768x576.jpeg 768w, https:\/\/www.afaprogres.cat\/web\/wp-content\/uploads\/61099c97-c18e-4eae-9b85-68db8a4bd736-1536x1152.jpeg 1536w, https:\/\/www.afaprogres.cat\/web\/wp-content\/uploads\/61099c97-c18e-4eae-9b85-68db8a4bd736.jpeg 1600w\" sizes=\"auto, (max-width: 300px) 100vw, 300px\" \/><\/p>\n","protected":false},"excerpt":{"rendered":"<p>Si el teu fill o filla somia amb fer b\u00e0squets \u00e8pics o simplement surt de classe amb energia per donar i vendre, l\u2019activitat extraescolar de b\u00e0squet de l\u2019escoleta SAM PEP \u00e9s el seu lloc ideal!! Adre\u00e7ada a nens i nenes&#8230;<\/p>\n","protected":false},"author":17,"featured_media":10606,"parent":2904,"menu_order":0,"comment_status":"closed","ping_status":"closed","template":"","meta":{"footnotes":""},"class_list":["post-3214","page","type-page","status-publish","has-post-thumbnail","hentry"],"post_mailing_queue_ids":[],"_links":{"self":[{"href":"https:\/\/www.afaprogres.cat\/web\/wp-json\/wp\/v2\/pages\/3214","targetHints":{"allow":["GET"]}}],"collection":[{"href":"https:\/\/www.afaprogres.cat\/web\/wp-json\/wp\/v2\/pages"}],"about":[{"href":"https:\/\/www.afaprogres.cat\/web\/wp-json\/wp\/v2\/types\/page"}],"author":[{"embeddable":true,"href":"https:\/\/www.afaprogres.cat\/web\/wp-json\/wp\/v2\/users\/17"}],"replies":[{"embeddable":true,"href":"https:\/\/www.afaprogres.cat\/web\/wp-json\/wp\/v2\/comments?post=3214"}],"version-history":[{"count":62,"href":"https:\/\/www.afaprogres.cat\/web\/wp-json\/wp\/v2\/pages\/3214\/revisions"}],"predecessor-version":[{"id":10632,"href":"https:\/\/www.afaprogres.cat\/web\/wp-json\/wp\/v2\/pages\/3214\/revisions\/10632"}],"up":[{"embeddable":true,"href":"https:\/\/www.afaprogres.cat\/web\/wp-json\/wp\/v2\/pages\/2904"}],"wp:featuredmedia":[{"embeddable":true,"href":"https:\/\/www.afaprogres.cat\/web\/wp-json\/wp\/v2\/media\/10606"}],"wp:attachment":[{"href":"https:\/\/www.afaprogres.cat\/web\/wp-json\/wp\/v2\/media?parent=3214"}],"curies":[{"name":"wp","href":"https:\/\/api.w.org\/{rel}","templated":true}]}}