{"id":3149,"date":"2014-01-09T12:01:27","date_gmt":"2014-01-09T11:01:27","guid":{"rendered":"http:\/\/www.afaprogres.cat\/extraescolars\/futbol-2\/"},"modified":"2025-07-07T08:48:55","modified_gmt":"2025-07-07T06:48:55","slug":"futbol2526","status":"publish","type":"page","link":"https:\/\/www.afaprogres.cat\/web\/extraescolars2526\/futbol2526\/","title":{"rendered":"Futbol"},"content":{"rendered":"<p>L\u2019extraescolar de futbol per a nens i nenes \u00e9s una activitat pensada per a fomentar l\u2019esperit d\u2019equip, el desenvolupament de les habilitats futbol\u00edstiques i la diversi\u00f3 en un ambient segur i motivador. Les categories s\u00f3n:<\/p>\n<ul>\n<li><strong>Pre-Benjam\u00ed (1r-2n)<\/strong>: Els m\u00e9s petits gaudeixen jugant, aprenent les bases del futbol i fomentant la coordinaci\u00f3 i el treball en equip.<\/li>\n<li><strong>Benjam\u00ed (3r-4t)<\/strong>: Els nens i nenes continuen millorant les seves habilitats t\u00e8cniques i t\u00e0ctiques, promovent la disciplina i el respecte.<\/li>\n<li><strong>Alev\u00ed (5\u00e8-6\u00e8)<\/strong>: Es reforcen les habilitats avan\u00e7ades i la comprensi\u00f3 t\u00e0ctica, preparant-los per a possibles competicions futures.<\/li>\n<\/ul>\n<p>\u00c9s una activitat que combina aprenentatge, esportivitat i diversi\u00f3 en un ambient proper i amigable.<\/p>\n<p>www.diverjoc.net &#8211; inscripcions@diverjoc.net<\/p>\n<p>INCRIPCIONS -&gt; <a href=\"https:\/\/diverjoc.net\/module\/myfamily\/inscripcions?id_school=escola-progres\">FUTBOL<\/a><\/p>\n<p><a href=\"https:\/\/www.afaprogres.cat\/web\/wp-content\/uploads\/diverjoc.pdf\">Llibret amb m\u00e9s informaci\u00f3\u00a0<\/a><\/p>\n","protected":false},"excerpt":{"rendered":"<p>L\u2019extraescolar de futbol per a nens i nenes \u00e9s una activitat pensada per a fomentar l\u2019esperit d\u2019equip, el desenvolupament de les habilitats futbol\u00edstiques i la diversi\u00f3 en un ambient segur i motivador. Les categories s\u00f3n: Pre-Benjam\u00ed (1r-2n): Els m\u00e9s petits&#8230;<\/p>\n","protected":false},"author":17,"featured_media":9146,"parent":2904,"menu_order":0,"comment_status":"closed","ping_status":"closed","template":"","meta":{"footnotes":""},"class_list":["post-3149","page","type-page","status-publish","has-post-thumbnail","hentry"],"post_mailing_queue_ids":[],"_links":{"self":[{"href":"https:\/\/www.afaprogres.cat\/web\/wp-json\/wp\/v2\/pages\/3149","targetHints":{"allow":["GET"]}}],"collection":[{"href":"https:\/\/www.afaprogres.cat\/web\/wp-json\/wp\/v2\/pages"}],"about":[{"href":"https:\/\/www.afaprogres.cat\/web\/wp-json\/wp\/v2\/types\/page"}],"author":[{"embeddable":true,"href":"https:\/\/www.afaprogres.cat\/web\/wp-json\/wp\/v2\/users\/17"}],"replies":[{"embeddable":true,"href":"https:\/\/www.afaprogres.cat\/web\/wp-json\/wp\/v2\/comments?post=3149"}],"version-history":[{"count":34,"href":"https:\/\/www.afaprogres.cat\/web\/wp-json\/wp\/v2\/pages\/3149\/revisions"}],"predecessor-version":[{"id":10537,"href":"https:\/\/www.afaprogres.cat\/web\/wp-json\/wp\/v2\/pages\/3149\/revisions\/10537"}],"up":[{"embeddable":true,"href":"https:\/\/www.afaprogres.cat\/web\/wp-json\/wp\/v2\/pages\/2904"}],"wp:featuredmedia":[{"embeddable":true,"href":"https:\/\/www.afaprogres.cat\/web\/wp-json\/wp\/v2\/media\/9146"}],"wp:attachment":[{"href":"https:\/\/www.afaprogres.cat\/web\/wp-json\/wp\/v2\/media?parent=3149"}],"curies":[{"name":"wp","href":"https:\/\/api.w.org\/{rel}","templated":true}]}}