{"id":2861,"date":"2014-01-01T12:38:13","date_gmt":"2014-01-01T11:38:13","guid":{"rendered":"http:\/\/www.afaprogres.cat\/?page_id=2861"},"modified":"2025-07-05T12:27:59","modified_gmt":"2025-07-05T10:27:59","slug":"robotica","status":"publish","type":"page","link":"https:\/\/www.afaprogres.cat\/web\/extraescolars2526\/robotica\/","title":{"rendered":"Rob\u00f2tica"},"content":{"rendered":"<p>Uneix-te a la nostra emocionant extraescolar de rob\u00f2tica!<\/p>\n<p>Impartida per Artiesport, aquesta activitat est\u00e0 dissenyada per estimular la creativitat, la imaginaci\u00f3 i les habilitats tecnol\u00f2giques de nenes i nens de 1r a 6\u00e8 de prim\u00e0ria.<\/p>\n<p>Aprendr\u00e0s a construir i programar robots mentre gaudeixes en un ambient divertit i ple d&#8217;aprenentatge.<\/p>\n<p>No perdis l&#8217;oportunitat de descobrir el m\u00f3n de la rob\u00f2tica i convertir-te en un verdader inventor!<\/p>\n<p>Inscriu-te ara i forma part d&#8217;una experi\u00e8ncia \u00fanica que potenciar\u00e0 el teu futur.<\/p>\n<p>www.artiesport.cat &#8211; administracio@artiesport.cat<\/p>\n<p>INSCRIPCIONS -&gt; <a href=\"http:\/\/www.artiesport.cat\">ROB\u00d2TICA<\/a><br \/>\n<a class=\"customize-unpreviewable\" href=\"https:\/\/www.afaprogres.cat\/web\/wp-content\/uploads\/artiesport_compressed.pdf\">Llibret amb m\u00e9s informaci\u00f3\u00a0<\/a><\/p>\n","protected":false},"excerpt":{"rendered":"<p>Uneix-te a la nostra emocionant extraescolar de rob\u00f2tica! Impartida per Artiesport, aquesta activitat est\u00e0 dissenyada per estimular la creativitat, la imaginaci\u00f3 i les habilitats tecnol\u00f2giques de nenes i nens de 1r a 6\u00e8 de prim\u00e0ria. Aprendr\u00e0s a construir i programar&#8230;<\/p>\n","protected":false},"author":17,"featured_media":9155,"parent":2904,"menu_order":0,"comment_status":"closed","ping_status":"closed","template":"","meta":{"footnotes":""},"class_list":["post-2861","page","type-page","status-publish","has-post-thumbnail","hentry"],"post_mailing_queue_ids":[],"_links":{"self":[{"href":"https:\/\/www.afaprogres.cat\/web\/wp-json\/wp\/v2\/pages\/2861","targetHints":{"allow":["GET"]}}],"collection":[{"href":"https:\/\/www.afaprogres.cat\/web\/wp-json\/wp\/v2\/pages"}],"about":[{"href":"https:\/\/www.afaprogres.cat\/web\/wp-json\/wp\/v2\/types\/page"}],"author":[{"embeddable":true,"href":"https:\/\/www.afaprogres.cat\/web\/wp-json\/wp\/v2\/users\/17"}],"replies":[{"embeddable":true,"href":"https:\/\/www.afaprogres.cat\/web\/wp-json\/wp\/v2\/comments?post=2861"}],"version-history":[{"count":83,"href":"https:\/\/www.afaprogres.cat\/web\/wp-json\/wp\/v2\/pages\/2861\/revisions"}],"predecessor-version":[{"id":10556,"href":"https:\/\/www.afaprogres.cat\/web\/wp-json\/wp\/v2\/pages\/2861\/revisions\/10556"}],"up":[{"embeddable":true,"href":"https:\/\/www.afaprogres.cat\/web\/wp-json\/wp\/v2\/pages\/2904"}],"wp:featuredmedia":[{"embeddable":true,"href":"https:\/\/www.afaprogres.cat\/web\/wp-json\/wp\/v2\/media\/9155"}],"wp:attachment":[{"href":"https:\/\/www.afaprogres.cat\/web\/wp-json\/wp\/v2\/media?parent=2861"}],"curies":[{"name":"wp","href":"https:\/\/api.w.org\/{rel}","templated":true}]}}