{"id":2797,"date":"2014-01-06T11:42:57","date_gmt":"2014-01-06T10:42:57","guid":{"rendered":"http:\/\/www.afaprogres.cat\/?page_id=2797"},"modified":"2025-07-06T15:11:25","modified_gmt":"2025-07-06T13:11:25","slug":"musica","status":"publish","type":"page","link":"https:\/\/www.afaprogres.cat\/web\/extraescolars2526\/musica\/","title":{"rendered":"M\u00fasica"},"content":{"rendered":"<p>Prepara\u2019t per una aventura musical que far\u00e0 vibrar els teus sentits!<\/p>\n<p>L&#8217;extraescolar de m\u00fasica \u00e9s com un passaport m\u00e0gic cap a un m\u00f3n ple de can\u00e7ons, danses i jocs que despertaran la creativitat i l\u2019esperit de grup dels petits m\u00fasics.<br \/>\nAqu\u00ed, els nens i nenes (I4 fins a 6\u00e8)\u00a0 aprenen a expressar-se, comunicar-se i gaudir de l\u2019art musical mentre fan volar la seva imaginaci\u00f3 com aut\u00e8ntics artistes en pot\u00e8ncia.<\/p>\n<p>Amb cada nota, cada moviment i cada rialla, comparteixen emocions i experi\u00e8ncies que els ajuden a entendre millor el m\u00f3n que els envolta.<\/p>\n<p>En resum, convertir-se en petits m\u00fasics no nom\u00e9s \u00e9s divertit, sin\u00f3 que tamb\u00e9 \u00e9s una manera genial de desenvolupar la seva creativitat i sentir-se part d\u2019un gran grup de talents en pot\u00e8ncia.<\/p>\n<p>\u00a1La m\u00fasica els espera per fer-los cr\u00e9ixer, somriure i descobrir el seu costat m\u00e9s musical!<\/p>\n<p>escolademusicadelpalau.com &#8211; info@escolademusicadelpalau.com<\/p>\n<p>INSCRIPCIONS &#8211;&gt; <a href=\"https:\/\/docs.google.com\/forms\/d\/1yf7XHdSSwZKfHuSRgFzRNTEk1SrPp-9FVJlCWRMH4ws\/viewform?edit_requested=true\">M\u00daSICA<\/a><\/p>\n","protected":false},"excerpt":{"rendered":"<p>Prepara\u2019t per una aventura musical que far\u00e0 vibrar els teus sentits! L&#8217;extraescolar de m\u00fasica \u00e9s com un passaport m\u00e0gic cap a un m\u00f3n ple de can\u00e7ons, danses i jocs que despertaran la creativitat i l\u2019esperit de grup dels petits m\u00fasics&#8230;.<\/p>\n","protected":false},"author":9,"featured_media":9149,"parent":2904,"menu_order":0,"comment_status":"closed","ping_status":"closed","template":"","meta":{"footnotes":""},"class_list":["post-2797","page","type-page","status-publish","has-post-thumbnail","hentry"],"post_mailing_queue_ids":[],"_links":{"self":[{"href":"https:\/\/www.afaprogres.cat\/web\/wp-json\/wp\/v2\/pages\/2797","targetHints":{"allow":["GET"]}}],"collection":[{"href":"https:\/\/www.afaprogres.cat\/web\/wp-json\/wp\/v2\/pages"}],"about":[{"href":"https:\/\/www.afaprogres.cat\/web\/wp-json\/wp\/v2\/types\/page"}],"author":[{"embeddable":true,"href":"https:\/\/www.afaprogres.cat\/web\/wp-json\/wp\/v2\/users\/9"}],"replies":[{"embeddable":true,"href":"https:\/\/www.afaprogres.cat\/web\/wp-json\/wp\/v2\/comments?post=2797"}],"version-history":[{"count":59,"href":"https:\/\/www.afaprogres.cat\/web\/wp-json\/wp\/v2\/pages\/2797\/revisions"}],"predecessor-version":[{"id":10593,"href":"https:\/\/www.afaprogres.cat\/web\/wp-json\/wp\/v2\/pages\/2797\/revisions\/10593"}],"up":[{"embeddable":true,"href":"https:\/\/www.afaprogres.cat\/web\/wp-json\/wp\/v2\/pages\/2904"}],"wp:featuredmedia":[{"embeddable":true,"href":"https:\/\/www.afaprogres.cat\/web\/wp-json\/wp\/v2\/media\/9149"}],"wp:attachment":[{"href":"https:\/\/www.afaprogres.cat\/web\/wp-json\/wp\/v2\/media?parent=2797"}],"curies":[{"name":"wp","href":"https:\/\/api.w.org\/{rel}","templated":true}]}}