{"id":147,"date":"2013-04-11T20:54:07","date_gmt":"2013-04-11T20:54:07","guid":{"rendered":"http:\/\/ampaprogres.topcommerce.es\/?page_id=147"},"modified":"2022-09-01T19:10:27","modified_gmt":"2022-09-01T17:10:27","slug":"consell-escolar","status":"publish","type":"page","link":"https:\/\/www.afaprogres.cat\/web\/consell-escolar\/","title":{"rendered":"Consell Escolar"},"content":{"rendered":"<style>\n.container .sidebar-included .gdl-page-item .one-third.column {\nheight: 325px!important;}\n<\/style>\n<p>El\u00a0<strong>Consell Escolar<\/strong>\u00a0del centre \u00e9s l&#8217;\u00f2rgan de participaci\u00f3 de la comunitat educativa en el govern dels centres educatius.<\/p>\n<p>Les\u00a0<strong>funcions<\/strong>\u00a0principals del Consell s\u00f3n l&#8217;aprovaci\u00f3, el seguiment i l&#8217;avaluaci\u00f3 dels projectes que desenvolupen l&#8217;activitat educativa del centre<\/p>\n<p>La\u00a0<strong>composici\u00f3<\/strong>\u00a0del Consell Escolar \u00e9s la seg\u00fcent:<\/p>\n<ul>\n<li>El\/la director\/a del centre.<\/li>\n<li>El\/la cap d&#8217;estudis.<\/li>\n<li>Un\/a regidor\/a o representant de l&#8217;ajuntament del terme municipal on es trobi el centre.<\/li>\n<li>Un nombre de professors i professores, elegits pel claustre, que no pot ser inferior a un ter\u00e7 del total dels components del Consell.<\/li>\n<li>Un nombre de pares i mares i d&#8217;alumnes, elegits per ells i entre ells, que no pot ser inferior a un ter\u00e7 del total dels components del Consell.<\/li>\n<li>Un\/a representant del personal d&#8217;administraci\u00f3 i serveis del centre.<\/li>\n<li>El\/la secretari\/\u00e0ria del centre.<\/li>\n<li>Un representat designat per l&#8217;AFA<\/li>\n<\/ul>\n","protected":false},"excerpt":{"rendered":"<p>El\u00a0Consell Escolar\u00a0del centre \u00e9s l&#8217;\u00f2rgan de participaci\u00f3 de la comunitat educativa en el govern dels centres educatius. Les\u00a0funcions\u00a0principals del Consell s\u00f3n l&#8217;aprovaci\u00f3, el seguiment i l&#8217;avaluaci\u00f3 dels projectes que desenvolupen l&#8217;activitat educativa del centre La\u00a0composici\u00f3\u00a0del Consell Escolar \u00e9s la seg\u00fcent:&#8230;<\/p>\n","protected":false},"author":9,"featured_media":0,"parent":0,"menu_order":0,"comment_status":"open","ping_status":"closed","template":"","meta":{"footnotes":""},"class_list":["post-147","page","type-page","status-publish","hentry"],"post_mailing_queue_ids":[],"_links":{"self":[{"href":"https:\/\/www.afaprogres.cat\/web\/wp-json\/wp\/v2\/pages\/147","targetHints":{"allow":["GET"]}}],"collection":[{"href":"https:\/\/www.afaprogres.cat\/web\/wp-json\/wp\/v2\/pages"}],"about":[{"href":"https:\/\/www.afaprogres.cat\/web\/wp-json\/wp\/v2\/types\/page"}],"author":[{"embeddable":true,"href":"https:\/\/www.afaprogres.cat\/web\/wp-json\/wp\/v2\/users\/9"}],"replies":[{"embeddable":true,"href":"https:\/\/www.afaprogres.cat\/web\/wp-json\/wp\/v2\/comments?post=147"}],"version-history":[{"count":43,"href":"https:\/\/www.afaprogres.cat\/web\/wp-json\/wp\/v2\/pages\/147\/revisions"}],"predecessor-version":[{"id":9739,"href":"https:\/\/www.afaprogres.cat\/web\/wp-json\/wp\/v2\/pages\/147\/revisions\/9739"}],"wp:attachment":[{"href":"https:\/\/www.afaprogres.cat\/web\/wp-json\/wp\/v2\/media?parent=147"}],"curies":[{"name":"wp","href":"https:\/\/api.w.org\/{rel}","templated":true}]}}