{"id":10516,"date":"2025-07-04T20:26:52","date_gmt":"2025-07-04T18:26:52","guid":{"rendered":"https:\/\/www.afaprogres.cat\/web\/?page_id=10516"},"modified":"2025-07-05T12:28:11","modified_gmt":"2025-07-05T10:28:11","slug":"ludoteca","status":"publish","type":"page","link":"https:\/\/www.afaprogres.cat\/web\/extraescolars2526\/ludoteca\/","title":{"rendered":"Ludoteca"},"content":{"rendered":"<p>Vine a passar-ho d\u2019all\u00f2 m\u00e9s b\u00e9 amb la nostra extraescolar de Ludoteca!<\/p>\n<p>Organitzada per Artiesport, aquesta activitat est\u00e0 dissenyada especialment per a nenes i nens d\u2019I4 fins a I5, i els ofereix una oportunitat \u00fanica de jugar, aprendre i desenvolupar la seva creativitat en un entorn segur i estimulant.<\/p>\n<p>No perdis l\u2019oportunitat que els m\u00e9s petits gaudeixin de moments divertits i enriquidors a trav\u00e9s de jocs, activitats art\u00edstiques i molt m\u00e9s.<\/p>\n<p>Inscriu-te ara i fes que aquesta experi\u00e8ncia sigui memorable!<\/p>\n<p>www.artiesport.cat &#8211; administracio@artiesport.cat<\/p>\n<p>INSCRIPCIONS -&gt; <a href=\"http:\/\/www.artiesport.cat\">LUDOTECA<\/a><br \/>\n<a class=\"customize-unpreviewable\" href=\"https:\/\/www.afaprogres.cat\/web\/wp-content\/uploads\/artiesport_compressed.pdf\">Llibret amb m\u00e9s informaci\u00f3\u00a0<\/a><\/p>\n","protected":false},"excerpt":{"rendered":"<p>Vine a passar-ho d\u2019all\u00f2 m\u00e9s b\u00e9 amb la nostra extraescolar de Ludoteca! Organitzada per Artiesport, aquesta activitat est\u00e0 dissenyada especialment per a nenes i nens d\u2019I4 fins a I5, i els ofereix una oportunitat \u00fanica de jugar, aprendre i desenvolupar&#8230;<\/p>\n","protected":false},"author":17,"featured_media":10518,"parent":2904,"menu_order":0,"comment_status":"closed","ping_status":"closed","template":"","meta":{"footnotes":""},"class_list":["post-10516","page","type-page","status-publish","has-post-thumbnail","hentry"],"post_mailing_queue_ids":[],"_links":{"self":[{"href":"https:\/\/www.afaprogres.cat\/web\/wp-json\/wp\/v2\/pages\/10516","targetHints":{"allow":["GET"]}}],"collection":[{"href":"https:\/\/www.afaprogres.cat\/web\/wp-json\/wp\/v2\/pages"}],"about":[{"href":"https:\/\/www.afaprogres.cat\/web\/wp-json\/wp\/v2\/types\/page"}],"author":[{"embeddable":true,"href":"https:\/\/www.afaprogres.cat\/web\/wp-json\/wp\/v2\/users\/17"}],"replies":[{"embeddable":true,"href":"https:\/\/www.afaprogres.cat\/web\/wp-json\/wp\/v2\/comments?post=10516"}],"version-history":[{"count":3,"href":"https:\/\/www.afaprogres.cat\/web\/wp-json\/wp\/v2\/pages\/10516\/revisions"}],"predecessor-version":[{"id":10561,"href":"https:\/\/www.afaprogres.cat\/web\/wp-json\/wp\/v2\/pages\/10516\/revisions\/10561"}],"up":[{"embeddable":true,"href":"https:\/\/www.afaprogres.cat\/web\/wp-json\/wp\/v2\/pages\/2904"}],"wp:featuredmedia":[{"embeddable":true,"href":"https:\/\/www.afaprogres.cat\/web\/wp-json\/wp\/v2\/media\/10518"}],"wp:attachment":[{"href":"https:\/\/www.afaprogres.cat\/web\/wp-json\/wp\/v2\/media?parent=10516"}],"curies":[{"name":"wp","href":"https:\/\/api.w.org\/{rel}","templated":true}]}}