{"id":10498,"date":"2025-07-04T20:20:35","date_gmt":"2025-07-04T18:20:35","guid":{"rendered":"https:\/\/www.afaprogres.cat\/web\/?page_id=10498"},"modified":"2025-07-06T15:13:24","modified_gmt":"2025-07-06T13:13:24","slug":"aventura","status":"publish","type":"page","link":"https:\/\/www.afaprogres.cat\/web\/extraescolars2526\/aventura\/","title":{"rendered":"Aventura"},"content":{"rendered":"<p>Iniciaci\u00f3 al muntanyisme a trav\u00e9s de la pr\u00e0ctica de l\u2019orientaci\u00f3, el senderisme i les curses per muntanya.<\/p>\n<p>Els infants desenvolupen el seu sentit de l\u2019orientaci\u00f3, aprenent a utilitzar conjuntament el mapa i la br\u00faixola.<\/p>\n<p>Tamb\u00e9 es sensibilitzen amb aspectes com la flora i la fauna de la Serralada de Marina o del Riu Bes\u00f2s, i aprenen a moure\u2019s amb rapidesa per tot tipus de terrenys muntanyosos.<\/p>\n<p>Ubicaci\u00f3: D<span class=\"selectable-text copyable-text false\">imarts es fa al Parc de Can Solei i Ca l&#8217;Arn\u00fas i dimecres a Serralada de Marina<\/span>.<\/p>\n<p>Escola Piolet &#8211; info@escolapiolet.cat<\/p>\n<p>INCRIPCIONS &#8211; <a href=\"https:\/\/www.escolapiolet.cat\/preinscriute\/\">AVENTURA<\/a><br \/>\n<a class=\"customize-unpreviewable\" href=\"https:\/\/www.afaprogres.cat\/web\/wp-content\/uploads\/escola_piolet.pdf\">Llibret amb m\u00e9s informaci\u00f3\u00a0<\/a><\/p>\n","protected":false},"excerpt":{"rendered":"<p>Iniciaci\u00f3 al muntanyisme a trav\u00e9s de la pr\u00e0ctica de l\u2019orientaci\u00f3, el senderisme i les curses per muntanya. Els infants desenvolupen el seu sentit de l\u2019orientaci\u00f3, aprenent a utilitzar conjuntament el mapa i la br\u00faixola. Tamb\u00e9 es sensibilitzen amb aspectes com&#8230;<\/p>\n","protected":false},"author":17,"featured_media":10504,"parent":2904,"menu_order":0,"comment_status":"closed","ping_status":"closed","template":"","meta":{"footnotes":""},"class_list":["post-10498","page","type-page","status-publish","has-post-thumbnail","hentry"],"post_mailing_queue_ids":[],"_links":{"self":[{"href":"https:\/\/www.afaprogres.cat\/web\/wp-json\/wp\/v2\/pages\/10498","targetHints":{"allow":["GET"]}}],"collection":[{"href":"https:\/\/www.afaprogres.cat\/web\/wp-json\/wp\/v2\/pages"}],"about":[{"href":"https:\/\/www.afaprogres.cat\/web\/wp-json\/wp\/v2\/types\/page"}],"author":[{"embeddable":true,"href":"https:\/\/www.afaprogres.cat\/web\/wp-json\/wp\/v2\/users\/17"}],"replies":[{"embeddable":true,"href":"https:\/\/www.afaprogres.cat\/web\/wp-json\/wp\/v2\/comments?post=10498"}],"version-history":[{"count":6,"href":"https:\/\/www.afaprogres.cat\/web\/wp-json\/wp\/v2\/pages\/10498\/revisions"}],"predecessor-version":[{"id":10596,"href":"https:\/\/www.afaprogres.cat\/web\/wp-json\/wp\/v2\/pages\/10498\/revisions\/10596"}],"up":[{"embeddable":true,"href":"https:\/\/www.afaprogres.cat\/web\/wp-json\/wp\/v2\/pages\/2904"}],"wp:featuredmedia":[{"embeddable":true,"href":"https:\/\/www.afaprogres.cat\/web\/wp-json\/wp\/v2\/media\/10504"}],"wp:attachment":[{"href":"https:\/\/www.afaprogres.cat\/web\/wp-json\/wp\/v2\/media?parent=10498"}],"curies":[{"name":"wp","href":"https:\/\/api.w.org\/{rel}","templated":true}]}}