{"id":10497,"date":"2025-07-04T20:17:45","date_gmt":"2025-07-04T18:17:45","guid":{"rendered":"https:\/\/www.afaprogres.cat\/web\/?page_id=10497"},"modified":"2025-07-06T15:13:57","modified_gmt":"2025-07-06T13:13:57","slug":"escalada","status":"publish","type":"page","link":"https:\/\/www.afaprogres.cat\/web\/extraescolars2526\/escalada\/","title":{"rendered":"Escalada"},"content":{"rendered":"<p>Iniciaci\u00f3 a l\u2019escalada en el nostre roc\u00f2drom indoor, mitjan\u00e7ant la pr\u00e0ctica de l\u2019escalada en bloc o b\u00falder.<\/p>\n<p>Els infants aprenen les bases de l\u2019escalada (col\u00b7locaci\u00f3 de peus i mans, col\u00b7locaci\u00f3 del cos, tipus de preses, etc.) a trav\u00e9s de jocs, reptes escaladors i un munt de diversi\u00f3.<\/p>\n<p>Alhora, desenvolupen les seves habilitats motrius m\u00e9s b\u00e0siques i treballen la seva capacitat de concentraci\u00f3.<\/p>\n<p>Ubicaci\u00f3: Roc\u00f3drom propi al c\/Margarita Xirgu 30<\/p>\n<p>Escola Piolet &#8211; info@escolapiolet.cat<\/p>\n<p>INCRIPCIONS &#8211; <a href=\"https:\/\/www.escolapiolet.cat\/preinscriute\/\">ESCALADA<\/a><br \/>\n<a class=\"customize-unpreviewable\" href=\"https:\/\/www.afaprogres.cat\/web\/wp-content\/uploads\/escola_piolet.pdf\">Llibret amb m\u00e9s informaci\u00f3\u00a0<\/a><\/p>\n","protected":false},"excerpt":{"rendered":"<p>Iniciaci\u00f3 a l\u2019escalada en el nostre roc\u00f2drom indoor, mitjan\u00e7ant la pr\u00e0ctica de l\u2019escalada en bloc o b\u00falder. Els infants aprenen les bases de l\u2019escalada (col\u00b7locaci\u00f3 de peus i mans, col\u00b7locaci\u00f3 del cos, tipus de preses, etc.) a trav\u00e9s de jocs,&#8230;<\/p>\n","protected":false},"author":17,"featured_media":10502,"parent":2904,"menu_order":0,"comment_status":"closed","ping_status":"closed","template":"","meta":{"footnotes":""},"class_list":["post-10497","page","type-page","status-publish","has-post-thumbnail","hentry"],"post_mailing_queue_ids":[],"_links":{"self":[{"href":"https:\/\/www.afaprogres.cat\/web\/wp-json\/wp\/v2\/pages\/10497","targetHints":{"allow":["GET"]}}],"collection":[{"href":"https:\/\/www.afaprogres.cat\/web\/wp-json\/wp\/v2\/pages"}],"about":[{"href":"https:\/\/www.afaprogres.cat\/web\/wp-json\/wp\/v2\/types\/page"}],"author":[{"embeddable":true,"href":"https:\/\/www.afaprogres.cat\/web\/wp-json\/wp\/v2\/users\/17"}],"replies":[{"embeddable":true,"href":"https:\/\/www.afaprogres.cat\/web\/wp-json\/wp\/v2\/comments?post=10497"}],"version-history":[{"count":6,"href":"https:\/\/www.afaprogres.cat\/web\/wp-json\/wp\/v2\/pages\/10497\/revisions"}],"predecessor-version":[{"id":10597,"href":"https:\/\/www.afaprogres.cat\/web\/wp-json\/wp\/v2\/pages\/10497\/revisions\/10597"}],"up":[{"embeddable":true,"href":"https:\/\/www.afaprogres.cat\/web\/wp-json\/wp\/v2\/pages\/2904"}],"wp:featuredmedia":[{"embeddable":true,"href":"https:\/\/www.afaprogres.cat\/web\/wp-json\/wp\/v2\/media\/10502"}],"wp:attachment":[{"href":"https:\/\/www.afaprogres.cat\/web\/wp-json\/wp\/v2\/media?parent=10497"}],"curies":[{"name":"wp","href":"https:\/\/api.w.org\/{rel}","templated":true}]}}