{"id":10496,"date":"2025-07-04T20:23:22","date_gmt":"2025-07-04T18:23:22","guid":{"rendered":"https:\/\/www.afaprogres.cat\/web\/?page_id=10496"},"modified":"2025-07-06T15:12:35","modified_gmt":"2025-07-06T13:12:35","slug":"bici-btt","status":"publish","type":"page","link":"https:\/\/www.afaprogres.cat\/web\/extraescolars2526\/bici-btt\/","title":{"rendered":"Bici BTT"},"content":{"rendered":"<p>Iniciaci\u00f3 a la bicicleta de muntanya, per a nens i nenes que ja s\u00e0piguen circular sense les rodetes.<br \/>\nEls infants aprenen les nocions b\u00e0siques d\u2019equilibri sobre la bicicleta, la utilitzaci\u00f3 dels frens, els canvis de marxes o les normes b\u00e0siques de seguretat.<\/p>\n<p>Tamb\u00e9 es vinculen alguns continguts d\u2019Aventura, com la<br \/>\nutilitzaci\u00f3 del mapa i la br\u00faixola o la capacitat d\u2019orientaci\u00f3 en el medi natural.<\/p>\n<p>Ubicaci\u00f3: Els dilluns faran bici al Parc de Can Solei.<\/p>\n<p>Escola Piolet &#8211; info@escolapiolet.cat<\/p>\n<p>INCRIPCIONS &#8211; <a href=\"https:\/\/www.escolapiolet.cat\/preinscriute\/\">BICI BTT<\/a><br \/>\n<a class=\"customize-unpreviewable\" href=\"https:\/\/www.afaprogres.cat\/web\/wp-content\/uploads\/escola_piolet.pdf\">Llibret amb m\u00e9s informaci\u00f3\u00a0<\/a><\/p>\n","protected":false},"excerpt":{"rendered":"<p>Iniciaci\u00f3 a la bicicleta de muntanya, per a nens i nenes que ja s\u00e0piguen circular sense les rodetes. Els infants aprenen les nocions b\u00e0siques d\u2019equilibri sobre la bicicleta, la utilitzaci\u00f3 dels frens, els canvis de marxes o les normes b\u00e0siques&#8230;<\/p>\n","protected":false},"author":17,"featured_media":10510,"parent":2904,"menu_order":0,"comment_status":"closed","ping_status":"closed","template":"","meta":{"footnotes":""},"class_list":["post-10496","page","type-page","status-publish","has-post-thumbnail","hentry"],"post_mailing_queue_ids":[],"_links":{"self":[{"href":"https:\/\/www.afaprogres.cat\/web\/wp-json\/wp\/v2\/pages\/10496","targetHints":{"allow":["GET"]}}],"collection":[{"href":"https:\/\/www.afaprogres.cat\/web\/wp-json\/wp\/v2\/pages"}],"about":[{"href":"https:\/\/www.afaprogres.cat\/web\/wp-json\/wp\/v2\/types\/page"}],"author":[{"embeddable":true,"href":"https:\/\/www.afaprogres.cat\/web\/wp-json\/wp\/v2\/users\/17"}],"replies":[{"embeddable":true,"href":"https:\/\/www.afaprogres.cat\/web\/wp-json\/wp\/v2\/comments?post=10496"}],"version-history":[{"count":5,"href":"https:\/\/www.afaprogres.cat\/web\/wp-json\/wp\/v2\/pages\/10496\/revisions"}],"predecessor-version":[{"id":10595,"href":"https:\/\/www.afaprogres.cat\/web\/wp-json\/wp\/v2\/pages\/10496\/revisions\/10595"}],"up":[{"embeddable":true,"href":"https:\/\/www.afaprogres.cat\/web\/wp-json\/wp\/v2\/pages\/2904"}],"wp:featuredmedia":[{"embeddable":true,"href":"https:\/\/www.afaprogres.cat\/web\/wp-json\/wp\/v2\/media\/10510"}],"wp:attachment":[{"href":"https:\/\/www.afaprogres.cat\/web\/wp-json\/wp\/v2\/media?parent=10496"}],"curies":[{"name":"wp","href":"https:\/\/api.w.org\/{rel}","templated":true}]}}