{"id":10465,"date":"2025-07-04T19:35:48","date_gmt":"2025-07-04T17:35:48","guid":{"rendered":"https:\/\/www.afaprogres.cat\/web\/?page_id=10465"},"modified":"2025-07-28T20:49:51","modified_gmt":"2025-07-28T18:49:51","slug":"ciencies","status":"publish","type":"page","link":"https:\/\/www.afaprogres.cat\/web\/extraescolars2526\/ciencies\/","title":{"rendered":"Ci\u00e8ncies"},"content":{"rendered":"<p>Tens ganes de descobrir els secrets del m\u00f3n que ens envolta?<\/p>\n<p>Vine a l&#8217;Extraescolar de Ci\u00e8ncies de LabClub!<\/p>\n<p>Aquesta activitat divertida i apassionant est\u00e0 dissenyada per a nenes i nens de 1r a 6\u00e8 de prim\u00e0ria, i t&#8217;obre les portes a un univers ple d&#8217;experiments, descobriments i aventures cient\u00edfiques.<\/p>\n<p>Apren a trav\u00e9s del joc, crea els teus propis experiments i converteix-te en un petit cient\u00edfic!<\/p>\n<p>No perdis l&#8217;oportunitat de posar a prova la teva curiositat i de fer noves amistats mentre aprens coses incre\u00efbles.<\/p>\n<p>Inscriu-te ara i comen\u00e7a a explorar el m\u00f3n de la ci\u00e8ncia amb nosaltres!<\/p>\n<p>L\u2019horari de l\u2019activitat ser\u00e0 els dimecres de 16.30 a 17.45h<\/p>\n<p>LABCLUB &#8211; labclubg@gmail.com jordi@labclub.org<\/p>\n<p>INSCRIPCIONS &#8211; <a href=\"https:\/\/docs.google.com\/forms\/u\/0\/d\/1wY0nG9Wu9gWs8juAbYpfORDQLfxhbSu-4hi-l1Ou_PM\/viewform?urp=gmail_link&amp;edit_requested=true\">CI\u00c8NCIES<\/a><\/p>\n","protected":false},"excerpt":{"rendered":"<p>Tens ganes de descobrir els secrets del m\u00f3n que ens envolta? Vine a l&#8217;Extraescolar de Ci\u00e8ncies de LabClub! Aquesta activitat divertida i apassionant est\u00e0 dissenyada per a nenes i nens de 1r a 6\u00e8 de prim\u00e0ria, i t&#8217;obre les portes&#8230;<\/p>\n","protected":false},"author":17,"featured_media":10466,"parent":2904,"menu_order":0,"comment_status":"closed","ping_status":"closed","template":"","meta":{"footnotes":""},"class_list":["post-10465","page","type-page","status-publish","has-post-thumbnail","hentry"],"post_mailing_queue_ids":[],"_links":{"self":[{"href":"https:\/\/www.afaprogres.cat\/web\/wp-json\/wp\/v2\/pages\/10465","targetHints":{"allow":["GET"]}}],"collection":[{"href":"https:\/\/www.afaprogres.cat\/web\/wp-json\/wp\/v2\/pages"}],"about":[{"href":"https:\/\/www.afaprogres.cat\/web\/wp-json\/wp\/v2\/types\/page"}],"author":[{"embeddable":true,"href":"https:\/\/www.afaprogres.cat\/web\/wp-json\/wp\/v2\/users\/17"}],"replies":[{"embeddable":true,"href":"https:\/\/www.afaprogres.cat\/web\/wp-json\/wp\/v2\/comments?post=10465"}],"version-history":[{"count":6,"href":"https:\/\/www.afaprogres.cat\/web\/wp-json\/wp\/v2\/pages\/10465\/revisions"}],"predecessor-version":[{"id":10640,"href":"https:\/\/www.afaprogres.cat\/web\/wp-json\/wp\/v2\/pages\/10465\/revisions\/10640"}],"up":[{"embeddable":true,"href":"https:\/\/www.afaprogres.cat\/web\/wp-json\/wp\/v2\/pages\/2904"}],"wp:featuredmedia":[{"embeddable":true,"href":"https:\/\/www.afaprogres.cat\/web\/wp-json\/wp\/v2\/media\/10466"}],"wp:attachment":[{"href":"https:\/\/www.afaprogres.cat\/web\/wp-json\/wp\/v2\/media?parent=10465"}],"curies":[{"name":"wp","href":"https:\/\/api.w.org\/{rel}","templated":true}]}}