{"id":10404,"date":"2025-07-03T05:57:09","date_gmt":"2025-07-03T03:57:09","guid":{"rendered":"https:\/\/www.afaprogres.cat\/web\/?page_id=10404"},"modified":"2025-07-07T16:18:26","modified_gmt":"2025-07-07T14:18:26","slug":"angles2526","status":"publish","type":"page","link":"https:\/\/www.afaprogres.cat\/web\/extraescolars2526\/angles2526\/","title":{"rendered":"Angl\u00e8s"},"content":{"rendered":"<p>Voleu que els vostres fills aprenguin angl\u00e8s d\u2019una manera divertida i efectiva?<\/p>\n<p>Inscriviu-los a la nostra extraescolar d\u2019ANGL\u00c8S, impartida per MR&amp;MRS LANGUAGE, especialistes en ensenyament de lleng\u00fces!<\/p>\n<p>Aquesta activitat est\u00e0 dissenyada per a nenes i nens d&#8217;I4 fins a 6\u00e8, adaptant-se a totes les edats i nivells.<\/p>\n<p>Els infants aprendran angl\u00e8s a trav\u00e9s d\u2019activitats l\u00fadiques, jocs, can\u00e7ons i din\u00e0miques que els motivaran a parlar, escoltar, llegir i escriure en angl\u00e8s amb confian\u00e7a.<\/p>\n<p>No perdis l\u2019oportunitat de potenciar el seu futur amb un idioma tan essencial!<\/p>\n<p>Inscriu-los avui mateix i fes que l\u2019aprenentatge de l\u2019angl\u00e8s sigui una experi\u00e8ncia divertida i enriquidora!<\/p>\n<p>www.msmrlanguage.com &#8211; Badalona@msmrlanguage.com<\/p>\n<p>INSCRIPCIONS -&gt; <a href=\"https:\/\/docs.google.com\/document\/d\/1CP6an9KD93_lL3ty3DQWTTvyKWYptSePXAnrL5Wm-qo\/edit?tab=t.0\">ANGL\u00c8S<\/a><br \/>\n<a href=\"https:\/\/docs.google.com\/presentation\/d\/1Q9uLI4rV7RZkcFKjqxblMHqzcSkwFKt5\/edit?usp=sharing&amp;ouid=114488014000017887205&amp;rtpof=true&amp;sd=true\">Llibret amb m\u00e9s informaci\u00f3\u00a0<\/a><\/p>\n","protected":false},"excerpt":{"rendered":"<p>Voleu que els vostres fills aprenguin angl\u00e8s d\u2019una manera divertida i efectiva? Inscriviu-los a la nostra extraescolar d\u2019ANGL\u00c8S, impartida per MR&amp;MRS LANGUAGE, especialistes en ensenyament de lleng\u00fces! Aquesta activitat est\u00e0 dissenyada per a nenes i nens d&#8217;I4 fins a 6\u00e8,&#8230;<\/p>\n","protected":false},"author":17,"featured_media":10627,"parent":2904,"menu_order":0,"comment_status":"closed","ping_status":"closed","template":"page-for_ elementor.php","meta":{"footnotes":""},"class_list":["post-10404","page","type-page","status-publish","has-post-thumbnail","hentry"],"post_mailing_queue_ids":[],"_links":{"self":[{"href":"https:\/\/www.afaprogres.cat\/web\/wp-json\/wp\/v2\/pages\/10404","targetHints":{"allow":["GET"]}}],"collection":[{"href":"https:\/\/www.afaprogres.cat\/web\/wp-json\/wp\/v2\/pages"}],"about":[{"href":"https:\/\/www.afaprogres.cat\/web\/wp-json\/wp\/v2\/types\/page"}],"author":[{"embeddable":true,"href":"https:\/\/www.afaprogres.cat\/web\/wp-json\/wp\/v2\/users\/17"}],"replies":[{"embeddable":true,"href":"https:\/\/www.afaprogres.cat\/web\/wp-json\/wp\/v2\/comments?post=10404"}],"version-history":[{"count":6,"href":"https:\/\/www.afaprogres.cat\/web\/wp-json\/wp\/v2\/pages\/10404\/revisions"}],"predecessor-version":[{"id":10592,"href":"https:\/\/www.afaprogres.cat\/web\/wp-json\/wp\/v2\/pages\/10404\/revisions\/10592"}],"up":[{"embeddable":true,"href":"https:\/\/www.afaprogres.cat\/web\/wp-json\/wp\/v2\/pages\/2904"}],"wp:featuredmedia":[{"embeddable":true,"href":"https:\/\/www.afaprogres.cat\/web\/wp-json\/wp\/v2\/media\/10627"}],"wp:attachment":[{"href":"https:\/\/www.afaprogres.cat\/web\/wp-json\/wp\/v2\/media?parent=10404"}],"curies":[{"name":"wp","href":"https:\/\/api.w.org\/{rel}","templated":true}]}}